{"id":59,"date":"2020-07-02T14:06:10","date_gmt":"2020-07-02T14:06:10","guid":{"rendered":"http:\/\/grossescherde.de\/?page_id=59"},"modified":"2022-05-03T18:34:35","modified_gmt":"2022-05-03T18:34:35","slug":"arbeitskreise","status":"publish","type":"page","link":"https:\/\/grossescherde.de\/?page_id=59","title":{"rendered":"Arbeitskreise"},"content":{"rendered":"\n<h3 class=\"wp-block-heading\">Unsere Denkmalgruppe des <strong>Heimatvereins \u201ezum Escherberg\u201c in Gro\u00df Escherde e.V<\/strong>.<\/h3>\n\n\n\n<p><br>Zuerst etwas zur Geschichte: Die Gruppe wurde im September 1995 gegr\u00fcndet. Der fr\u00fchere Ortsb\u00fcrgermeister, G\u00fcnter Ludewig, hatte 1995 einen Steinmetz mit der Restauration des Denkmals beauftragt, war mit dessen Arbeiten aber nicht zufrieden. In einem Gespr\u00e4ch mit Dieter Rautenberg sagte ihm dieser, dass er sich diese Arbeit wohl Zutrauen w\u00fcrde.<br>Einige M\u00e4nner des Heimatvereins taten sich zusammen, um diese Aufgabe zu \u00fcbernehmen. M\u00e4nner der 1. Stunde waren:<br>August Schmidt, Rolf Ossenkop, Heinz Weiss, Horst Reiter, G\u00fcnter Wildhagen und Dieter Rautenberg.<br><br>Es kam viel Arbeit auf sie zu. Es mu\u00dfte die Anlage von Wildwuchs und Buschwerk befreit werden, Wege und Rabatten angelegt und Natursteine ausgefugt werden. Die Namen auf den Schrifttafeln waren bis zur Unkenntlichkeit verwittert und die Buchstaben mu\u00dften mit Spezialfr\u00e4sem wieder ausgeschliffen und anschlie\u00dfend ausgemalt werden. Viele Arbeitsstunden wurden geleistet.<br>Au\u00dferdem k\u00fcmmerte sich die Gruppe um 10 Ruheb\u00e4nke, die der Heimatverein in der Feldmark aufgestellt hatte. Hier wurde in Zeitabst\u00e4nden immer wieder geschmirgelt, ausgebessert und gestrichen. 5mal im Jahr wurden die B\u00e4nke mit der Sense freigem\u00e4ht.<br><br>Gemeindeb\u00fcrgermeister Bothmann war der Gruppe sehr zugetan, so bekam sie bald eine finanzielle Unterst\u00fctzung f\u00fcr die Materialauslagen.<br>2006 wurde das Denkmal von einer Firma saniert, weil Staun\u00e4sse in das Mauerwerk eingedrungen war und Frostsch\u00e4den die Fugen marode gemacht hatten. Die R\u00fcckwand des Denkmals wurde freigelegt und eine Drainage eingebaut. Dieter Rautenberg hielt die Gruppe zusammen und organisierte die Arbeitseins\u00e4tze.<br>&nbsp;<\/p>\n\n\n\n<p>2011 mu\u00dfte er nach 15 Jahren als Gruppenleiter leider aus gesundheitlichen Gr\u00fcnden ausscheiden, Wilfried Kuse \u00fcbernahm die Gruppe bis 2017, z.Zt. hat Helmut Landsberg dieses Amt \u00fcbernommen.<br>Die Gruppe besteht im Augenblick Marianne Ossenkopp-Kohlweyer, Petra Hahne, Harald Horschick, Alfons Schirmer, R\u00fcdiger Voigtl\u00e4nder und Helmut Landsberg. Von den G\u00fcndungsmitgliedern ist leider niemand mehr aktiv.<\/p>\n\n\n\n<p><br>2 mal trifft sich die Gruppe zu Gro\u00dfeins\u00e4tzen, im Fr\u00fchjahr, um alles wieder neu zu \u00fcberarbeiten und im Herbst vor dem Volkstrauertag, um alles winterfest zu machen.<br>Alle 4 Wochen wird die Anlage begangen, um Flaschen, Papier und Unrat aufzusammeln.<br>Sondereins\u00e4tze wie Ausmalen der Schrifttafeln, Rasenpflege usw., werden rechtzeitig angek\u00fcndigt.<br>Einmal im Jahr treffen sich alle Gruppenmitglieder zum gemeinsamen Grillen oder Fr\u00fchst\u00fcck, um \u00fcber alte Zeiten zu kl\u00f6nen.<br>Neue Mitglieder in unserer Gruppe sind herzlich willkommen.<\/p>\n\n\n\n<p>Telefonisch erreichen Sie Helmut Landsberg unter 05069-1228.<br><strong>Heimatverein \u201ezum Escherberg\u201c in Gro\u00df Escherde e.V<\/strong>.<\/p>\n","protected":false},"excerpt":{"rendered":"<p>Unsere Denkmalgruppe des Heimatvereins \u201ezum Escherberg\u201c in Gro\u00df Escherde e.V. Zuerst etwas zur Geschichte: Die Gruppe wurde im September 1995 gegr\u00fcndet. Der fr\u00fchere Ortsb\u00fcrgermeister, G\u00fcnter Ludewig, hatte 1995 einen Steinmetz [&hellip;]<\/p>\n","protected":false},"author":1,"featured_media":0,"parent":22,"menu_order":0,"comment_status":"closed","ping_status":"closed","template":"","meta":{"footnotes":""},"class_list":["post-59","page","type-page","status-publish","hentry"],"_links":{"self":[{"href":"https:\/\/grossescherde.de\/index.php?rest_route=\/wp\/v2\/pages\/59","targetHints":{"allow":["GET"]}}],"collection":[{"href":"https:\/\/grossescherde.de\/index.php?rest_route=\/wp\/v2\/pages"}],"about":[{"href":"https:\/\/grossescherde.de\/index.php?rest_route=\/wp\/v2\/types\/page"}],"author":[{"embeddable":true,"href":"https:\/\/grossescherde.de\/index.php?rest_route=\/wp\/v2\/users\/1"}],"replies":[{"embeddable":true,"href":"https:\/\/grossescherde.de\/index.php?rest_route=%2Fwp%2Fv2%2Fcomments&post=59"}],"version-history":[{"count":6,"href":"https:\/\/grossescherde.de\/index.php?rest_route=\/wp\/v2\/pages\/59\/revisions"}],"predecessor-version":[{"id":500,"href":"https:\/\/grossescherde.de\/index.php?rest_route=\/wp\/v2\/pages\/59\/revisions\/500"}],"up":[{"embeddable":true,"href":"https:\/\/grossescherde.de\/index.php?rest_route=\/wp\/v2\/pages\/22"}],"wp:attachment":[{"href":"https:\/\/grossescherde.de\/index.php?rest_route=%2Fwp%2Fv2%2Fmedia&parent=59"}],"curies":[{"name":"wp","href":"https:\/\/api.w.org\/{rel}","templated":true}]}}