{"id":54,"date":"2020-07-02T13:52:31","date_gmt":"2020-07-02T13:52:31","guid":{"rendered":"http:\/\/grossescherde.de\/?page_id=54"},"modified":"2021-08-30T16:13:52","modified_gmt":"2021-08-30T16:13:52","slug":"impressum","status":"publish","type":"page","link":"https:\/\/grossescherde.de\/?page_id=54","title":{"rendered":"Impressum"},"content":{"rendered":"\n<p><strong>Herausgeber und Webmaster:<\/strong><br><br>Heimatverein &#8222;Zum Escherberg&#8220; e.V.<br>c\/o Michael Henne<br>Am Thie 1A<br>31171 Gro\u00df Escherde<br>info@grossescherde.de<br><br>Nutzungsrechte: Alle Texte, alle Fotos, alle Gestaltungselemente dieser Website sind &#8211; sofern nicht ein anderes Copyright angegeben ist &#8211; f\u00fcr den Herausgeber urheberrechtlich gesch\u00fctzt. Jede Verwertung au\u00dferhalb der engen Grenzen des Urheberrechtsgesetzes ist ohne schriftliche Zustimmung des Herausgebers nicht gestattet. Alle Rechte vorbehalten.<\/p>\n","protected":false},"excerpt":{"rendered":"<p>Herausgeber und Webmaster: Heimatverein &#8222;Zum Escherberg&#8220; e.V.c\/o Michael HenneAm Thie 1A31171 Gro\u00df Escherdeinfo@grossescherde.de Nutzungsrechte: Alle Texte, alle Fotos, alle Gestaltungselemente dieser Website sind &#8211; sofern nicht ein anderes Copyright angegeben [&hellip;]<\/p>\n","protected":false},"author":1,"featured_media":0,"parent":0,"menu_order":0,"comment_status":"closed","ping_status":"closed","template":"","meta":{"footnotes":""},"class_list":["post-54","page","type-page","status-publish","hentry"],"_links":{"self":[{"href":"https:\/\/grossescherde.de\/index.php?rest_route=\/wp\/v2\/pages\/54","targetHints":{"allow":["GET"]}}],"collection":[{"href":"https:\/\/grossescherde.de\/index.php?rest_route=\/wp\/v2\/pages"}],"about":[{"href":"https:\/\/grossescherde.de\/index.php?rest_route=\/wp\/v2\/types\/page"}],"author":[{"embeddable":true,"href":"https:\/\/grossescherde.de\/index.php?rest_route=\/wp\/v2\/users\/1"}],"replies":[{"embeddable":true,"href":"https:\/\/grossescherde.de\/index.php?rest_route=%2Fwp%2Fv2%2Fcomments&post=54"}],"version-history":[{"count":3,"href":"https:\/\/grossescherde.de\/index.php?rest_route=\/wp\/v2\/pages\/54\/revisions"}],"predecessor-version":[{"id":376,"href":"https:\/\/grossescherde.de\/index.php?rest_route=\/wp\/v2\/pages\/54\/revisions\/376"}],"wp:attachment":[{"href":"https:\/\/grossescherde.de\/index.php?rest_route=%2Fwp%2Fv2%2Fmedia&parent=54"}],"curies":[{"name":"wp","href":"https:\/\/api.w.org\/{rel}","templated":true}]}}