{"id":43,"date":"2020-07-02T13:15:56","date_gmt":"2020-07-02T13:15:56","guid":{"rendered":"http:\/\/grossescherde.de\/?page_id=43"},"modified":"2021-01-03T16:34:07","modified_gmt":"2021-01-03T16:34:07","slug":"rund-um-gross-escherde","status":"publish","type":"page","link":"https:\/\/grossescherde.de\/","title":{"rendered":"Rund um Gro\u00df Escherde"},"content":{"rendered":"\n<h3 class=\"wp-block-heading\">Wissenswertes \u00fcber Gro\u00df Escherde<\/h3>\n\n\n\n<p>Der Name Escherde d\u00fcrfte aus dem alts\u00e4chsischen &#8222;Hesschehiriti&#8220; mit der Deutung &#8222;Feld des Herrn&#8220; oder &#8222;Herrenfeld&#8220; abgeleitet sein. Es wurde anfangs nicht unterschieden zwischen Gro\u00df und Klein Escherde. Die erste urkundlich gesicherte Erw\u00e4hnung in den <em>traditiones Corbeienses<\/em> &#8211; Verzeichnis der Schenkungen des Klosters Corvey bei H\u00f6xter an der Weser &#8211; l\u00e4sst sich auf das Jahr 972\/973 datieren. Gro\u00df Escherde ist als Runddorf (auch als Sackgassendorf bezeichnet) rund um den heutigen Platz &#8222;Am Thie&#8220;<sup>1<\/sup> wahrscheinlich zwischen 200 und 300 nach Christi entstanden.<\/p>\n\n\n\n<p>Die H\u00fcgelgr\u00e4ber im Escherder Forst bzw. im gesamten Hildesheimer Wald deuten allerdings auf eine fr\u00fchere &#8211; n\u00e4mlich bronzezeitliche &#8211; Besiedlung hin (ca. 1800 bis 1000 vor Christus). Die Beusterburg (ca. 3 km Luftlinie entfernt) gilt als ein Erdwerk der Michelsberger Kultur und datiert damit sogar in die Zeit von ca. 4800 vor Christus. Anziehungspunkte f\u00fcr eine dauerhafte b\u00e4uerliche Besiedlung waren neben den zahlreichen Wasserl\u00e4ufen sicher die Salzvorkommen bei Heyersum und die schwach salzigen B\u00e4che aus dem Hildesheimer Wald. Auf den \u00c4ckern rund um Gro\u00df Escherde kann man &#8211; mit viel Gl\u00fcck &#8211; auch heute noch neolithische also fr\u00fchsteinzeitliche Siedlungsspuren finden.<\/p>\n\n\n\n<p>Der erste Kirchenbau erfolgte au\u00dferhalb des Ortskerns um 989. Das Geschlecht derer von Escherde erlosch um das Jahr 1430 herum.<\/p>\n","protected":false},"excerpt":{"rendered":"<p>Wissenswertes \u00fcber Gro\u00df Escherde Der Name Escherde d\u00fcrfte aus dem alts\u00e4chsischen &#8222;Hesschehiriti&#8220; mit der Deutung &#8222;Feld des Herrn&#8220; oder &#8222;Herrenfeld&#8220; abgeleitet sein. Es wurde anfangs nicht unterschieden zwischen Gro\u00df und [&hellip;]<\/p>\n","protected":false},"author":1,"featured_media":0,"parent":0,"menu_order":0,"comment_status":"closed","ping_status":"closed","template":"","meta":{"footnotes":""},"class_list":["post-43","page","type-page","status-publish","hentry"],"_links":{"self":[{"href":"https:\/\/grossescherde.de\/index.php?rest_route=\/wp\/v2\/pages\/43","targetHints":{"allow":["GET"]}}],"collection":[{"href":"https:\/\/grossescherde.de\/index.php?rest_route=\/wp\/v2\/pages"}],"about":[{"href":"https:\/\/grossescherde.de\/index.php?rest_route=\/wp\/v2\/types\/page"}],"author":[{"embeddable":true,"href":"https:\/\/grossescherde.de\/index.php?rest_route=\/wp\/v2\/users\/1"}],"replies":[{"embeddable":true,"href":"https:\/\/grossescherde.de\/index.php?rest_route=%2Fwp%2Fv2%2Fcomments&post=43"}],"version-history":[{"count":8,"href":"https:\/\/grossescherde.de\/index.php?rest_route=\/wp\/v2\/pages\/43\/revisions"}],"predecessor-version":[{"id":253,"href":"https:\/\/grossescherde.de\/index.php?rest_route=\/wp\/v2\/pages\/43\/revisions\/253"}],"wp:attachment":[{"href":"https:\/\/grossescherde.de\/index.php?rest_route=%2Fwp%2Fv2%2Fmedia&parent=43"}],"curies":[{"name":"wp","href":"https:\/\/api.w.org\/{rel}","templated":true}]}}