{"id":26,"date":"2020-07-02T09:30:25","date_gmt":"2020-07-02T09:30:25","guid":{"rendered":"http:\/\/grossescherde.de\/?page_id=26"},"modified":"2026-01-08T15:59:28","modified_gmt":"2026-01-08T15:59:28","slug":"schuetzenverein-gross-escherde","status":"publish","type":"page","link":"https:\/\/grossescherde.de\/?page_id=26","title":{"rendered":"Sch\u00fctzenverein Gro\u00df und Klein Escherde e.V."},"content":{"rendered":"\n<p class=\"has-medium-font-size\">Gegr\u00fcndet im Jahr 1952 besteht der Sch\u00fctzenverein Gro\u00df u. Klein Escherde nunmehr fast 70 Jahre.<br>In den Anf\u00e4ngen wurde das Luftgewehrschie\u00dfen noch im Saal des Restaurants Nobiskrug durchgef\u00fchrt.<br>Seit 1982 ist der Sch\u00fctzenverein im Dorfgemeinschaftshaus Gro\u00df Escherde beheimatet.<br>Hier k\u00f6nnen die Disziplinen Luftgewehr (10 mtr.), Kleinkalibergewehr (50 mtr.) und Sportpistole (25 mtr.) geschossen werden.<br>Nach einer im Jahr 2020 erfolgten Neuaufteilung und Renovierung stehen 5 Luftgewehrst\u00e4nde und 2 Kleinkaliberst\u00e4nde zur Verf\u00fcgung.<br>Das Vereinsleben wird vorwiegend durch das Trainingsschie\u00dfen sowie die Teilnahme an internen Wettbewerben wie K\u00f6nigs- und Hubertusschie\u00dfen sowie Vereinsmeisterschaften gepr\u00e4gt.<br>Wahrgenommen werden auch ausw\u00e4rtige Pokalschie\u00dfen und Schweineschie\u00dfen bei befreundeten Sch\u00fctzenvereinen sowie der Rundenwettkampf Hildesheimer Rose.<br><br><em><strong>Trainiert wird ab sofort Monatgs in der Zeit von 18:30 Uhr bis 20:30 Uhr.<\/strong><\/em><\/p>\n\n\n\n<p>In&nbsp; dieser Zeit kommt auch das gesellige Beisammensein im Aufenthaltsraum des Sch\u00fctzenvereins nicht zu kurz.<br>Interessierte Einwohner aus Gro\u00df und Klein Escherde sind herzlich zur Besichtigung der Schie\u00dfanlage sowie dem Ausprobieren der angebotenen Schie\u00dfarten eingeladen.<br>Sinnvoll w\u00e4re eine vorherige, telef. Anmeldung beim 1. Vorsitzenden oder dem Schie\u00dfsportleiter.<\/p>\n\n\n\n<p>Spontane Besucher sind aber gleichfalls herzlich willkommen.<\/p>\n\n\n\n<p><strong>Der Vorstand des Sch\u00fctzenverein Gro\u00df u. Klein Escherde e. V. besteht zur Zeit aus folgenden Personen:<\/strong><\/p>\n\n\n\n<p>\u00a01. Vorsitzender\u00a0 \u00a0\u00a0\u00a0\u00a0\u00a0\u00a0\u00a0\u00a0\u00a0\u00a0\u00a0\u00a0\u00a0\u00a0\u00a0Benedikt Lemke<br>2. Vorsitzender                  Bj\u00f6rn Lund<br>Schie\u00dfsportleiter               Peter Thiel<br>Damenwartin\u00a0\u00a0\u00a0\u00a0\u00a0\u00a0\u00a0\u00a0\u00a0\u00a0\u00a0\u00a0\u00a0\u00a0\u00a0\u00a0\u00a0\u00a0\u00a0 Shari Steglich<br>Kassenwartin\u00a0\u00a0\u00a0\u00a0\u00a0\u00a0\u00a0\u00a0\u00a0\u00a0\u00a0\u00a0\u00a0\u00a0\u00a0 \u00a0\u00a0\u00a0\u00a0\u00a0Michaela Hallescheck<br>Schriftf\u00fchrerin\u00a0\u00a0\u00a0\u00a0\u00a0\u00a0\u00a0\u00a0\u00a0\u00a0\u00a0\u00a0\u00a0\u00a0\u00a0\u00a0\u00a0\u00a0 Ingrid Kaune <br>stellvertretend aktuell       Katrin Z\u00f6llner<\/p>\n\n\n\n<figure class=\"wp-block-image size-large is-resized\"><img loading=\"lazy\" decoding=\"async\" width=\"768\" height=\"1024\" src=\"https:\/\/grossescherde.de\/wp-content\/uploads\/2023\/01\/IMG-20210314-WA0000-768x1024.jpg\" alt=\"\" class=\"wp-image-581\" style=\"width:282px;height:375px\" srcset=\"https:\/\/grossescherde.de\/wp-content\/uploads\/2023\/01\/IMG-20210314-WA0000-768x1024.jpg 768w, https:\/\/grossescherde.de\/wp-content\/uploads\/2023\/01\/IMG-20210314-WA0000-225x300.jpg 225w, https:\/\/grossescherde.de\/wp-content\/uploads\/2023\/01\/IMG-20210314-WA0000-1152x1536.jpg 1152w, https:\/\/grossescherde.de\/wp-content\/uploads\/2023\/01\/IMG-20210314-WA0000.jpg 1200w\" sizes=\"auto, (max-width: 768px) 100vw, 768px\" \/><\/figure>\n","protected":false},"excerpt":{"rendered":"<p>Gegr\u00fcndet im Jahr 1952 besteht der Sch\u00fctzenverein Gro\u00df u. Klein Escherde nunmehr fast 70 Jahre.In den Anf\u00e4ngen wurde das Luftgewehrschie\u00dfen noch im Saal des Restaurants Nobiskrug durchgef\u00fchrt.Seit 1982 ist der [&hellip;]<\/p>\n","protected":false},"author":1,"featured_media":340,"parent":0,"menu_order":0,"comment_status":"closed","ping_status":"closed","template":"","meta":{"footnotes":""},"class_list":["post-26","page","type-page","status-publish","has-post-thumbnail","hentry"],"_links":{"self":[{"href":"https:\/\/grossescherde.de\/index.php?rest_route=\/wp\/v2\/pages\/26","targetHints":{"allow":["GET"]}}],"collection":[{"href":"https:\/\/grossescherde.de\/index.php?rest_route=\/wp\/v2\/pages"}],"about":[{"href":"https:\/\/grossescherde.de\/index.php?rest_route=\/wp\/v2\/types\/page"}],"author":[{"embeddable":true,"href":"https:\/\/grossescherde.de\/index.php?rest_route=\/wp\/v2\/users\/1"}],"replies":[{"embeddable":true,"href":"https:\/\/grossescherde.de\/index.php?rest_route=%2Fwp%2Fv2%2Fcomments&post=26"}],"version-history":[{"count":12,"href":"https:\/\/grossescherde.de\/index.php?rest_route=\/wp\/v2\/pages\/26\/revisions"}],"predecessor-version":[{"id":853,"href":"https:\/\/grossescherde.de\/index.php?rest_route=\/wp\/v2\/pages\/26\/revisions\/853"}],"wp:featuredmedia":[{"embeddable":true,"href":"https:\/\/grossescherde.de\/index.php?rest_route=\/wp\/v2\/media\/340"}],"wp:attachment":[{"href":"https:\/\/grossescherde.de\/index.php?rest_route=%2Fwp%2Fv2%2Fmedia&parent=26"}],"curies":[{"name":"wp","href":"https:\/\/api.w.org\/{rel}","templated":true}]}}