{"id":22,"date":"2020-07-02T09:22:57","date_gmt":"2020-07-02T09:22:57","guid":{"rendered":"http:\/\/grossescherde.de\/?page_id=22"},"modified":"2020-12-11T10:12:23","modified_gmt":"2020-12-11T10:12:23","slug":"heimatverein-escherberg-e-v","status":"publish","type":"page","link":"https:\/\/grossescherde.de\/?page_id=22","title":{"rendered":"Heimatverein \u201ezum Escherberg\u201c in Gro\u00df Escherde e.V."},"content":{"rendered":"\n<p>Seit dem Kirchweihfest 1991 haben eine Reihe von Bewohnerinnen und \nBewohnern Gro\u00df Escherdes an die Gr\u00fcndung eines Heimatvereines gedacht. \nBei einem ersten Treffen von Interessierten am 17. Januar 1992 ist \nbeschlossen worden, diesen Verein auf eine m\u00f6glichst breite Grundlage zu\n stellen. So entstand eine Satzung, die sich auch 25 Jahre nach der \nGr\u00fcndung modern gibt (ein Auszug):&nbsp;<\/p>\n\n\n\n<ul class=\"wp-block-list\"><li>Aufkl\u00e4rung der Bev\u00f6lkerung \u00fcber die Reinhaltung von Erde, Luft und Wasser.<\/li><li>F\u00f6rderung des Vogelschutzes, der Landschaftspflege und Schaffen geeigneter Nistpl\u00e4tze &#8230;<\/li><li>Beratung der Bev\u00f6lkerung \u00fcber die Erhaltung von d\u00f6rflichen \nKulturwerten, sowie die Schaffung und Unterhaltung der f\u00fcr unseren \nBereich landschaftstypischen Geh\u00f6lze, Pflanzen und Bauwerke.<\/li><\/ul>\n\n\n\n<p>Kurz: Dem Verein liegt die Heimatpflege, die Heimatkunde, der  Naturschutz und die Landschaftspflege sowie die Erhaltung von  Kulturwerten am Herzen. Wir laden ein, mitzutun!<\/p>\n\n\n\n<p>Der Heimatverein \u201ezum Escherberg\u201c in Gro\u00df Escherde e.V. ist ein gemeinn\u00fctziger, eingetragener Verein. Das Geld, das wir aus Aktionen einnehmen, flie\u00dft ausschlie\u00dflich den satzungsm\u00e4\u00dfigen Vereinszwecken zu.<\/p>\n\n\n\n<ul class=\"wp-block-list\"><li>J\u00e4hrliche Aktionen zum Umwelttag<\/li><\/ul>\n\n\n\n<ul class=\"wp-block-list\"><li>Erhaltung des Kriegerdenkmals<\/li><\/ul>\n\n\n\n<ul class=\"wp-block-list\"><li>Bau von Nistk\u00e4sten f\u00fcr V\u00f6gel und Flederm\u00e4use<\/li><\/ul>\n\n\n\n<ul class=\"wp-block-list\"><li>Bepflanzung der Wegr\u00e4nder durch heimische Obstsorten<\/li><\/ul>\n\n\n\n<ul class=\"wp-block-list\"><li>Apfeltag: Wir sammeln von den in der Gemarkung stehenden B\u00e4umen die \u00c4pfel auf und lassen beim Mostexpress leckeren Apfelsaft herstellen<\/li><\/ul>\n\n\n\n<ul class=\"wp-block-list\"><li>Erhalt und Neuanlage von Ruheb\u00e4nken f\u00fcr Wanderer und Spazierg\u00e4nger<\/li><\/ul>\n\n\n\n<ul class=\"wp-block-list\"><li>Vogelkundliche Wanderungen<\/li><\/ul>\n\n\n\n<ul class=\"wp-block-list\"><li>Besuch von arch\u00e4ologischen Vortr\u00e4gen<\/li><\/ul>\n","protected":false},"excerpt":{"rendered":"<p>Seit dem Kirchweihfest 1991 haben eine Reihe von Bewohnerinnen und Bewohnern Gro\u00df Escherdes an die Gr\u00fcndung eines Heimatvereines gedacht. Bei einem ersten Treffen von Interessierten am 17. Januar 1992 ist [&hellip;]<\/p>\n","protected":false},"author":1,"featured_media":0,"parent":0,"menu_order":0,"comment_status":"closed","ping_status":"closed","template":"","meta":{"footnotes":""},"class_list":["post-22","page","type-page","status-publish","hentry"],"_links":{"self":[{"href":"https:\/\/grossescherde.de\/index.php?rest_route=\/wp\/v2\/pages\/22","targetHints":{"allow":["GET"]}}],"collection":[{"href":"https:\/\/grossescherde.de\/index.php?rest_route=\/wp\/v2\/pages"}],"about":[{"href":"https:\/\/grossescherde.de\/index.php?rest_route=\/wp\/v2\/types\/page"}],"author":[{"embeddable":true,"href":"https:\/\/grossescherde.de\/index.php?rest_route=\/wp\/v2\/users\/1"}],"replies":[{"embeddable":true,"href":"https:\/\/grossescherde.de\/index.php?rest_route=%2Fwp%2Fv2%2Fcomments&post=22"}],"version-history":[{"count":8,"href":"https:\/\/grossescherde.de\/index.php?rest_route=\/wp\/v2\/pages\/22\/revisions"}],"predecessor-version":[{"id":249,"href":"https:\/\/grossescherde.de\/index.php?rest_route=\/wp\/v2\/pages\/22\/revisions\/249"}],"wp:attachment":[{"href":"https:\/\/grossescherde.de\/index.php?rest_route=%2Fwp%2Fv2%2Fmedia&parent=22"}],"curies":[{"name":"wp","href":"https:\/\/api.w.org\/{rel}","templated":true}]}}